{"id":3457,"date":"2021-02-04T15:43:17","date_gmt":"2021-02-04T15:43:17","guid":{"rendered":"https:\/\/herrajes.intagono.mx\/?page_id=3457"},"modified":"2022-01-20T23:02:30","modified_gmt":"2022-01-20T23:02:30","slug":"news","status":"publish","type":"page","link":"https:\/\/heu.mx\/en\/news\/","title":{"rendered":"News"},"content":{"rendered":"<div class=\"wpb-content-wrapper\"><p>[vc_row][vc_column width=&#8221;1\/2&#8243;][vc_wp_categories title=&#8221;Filter by category&#8221; options=&#8221;dropdown&#8221;][\/vc_column][vc_column width=&#8221;1\/2&#8243;][vc_wp_search][\/vc_column][\/vc_row][vc_row][vc_column]<div class=\"wd-blog-element wd-wpb\"><div class=\"wd-posts wd-blog-holder  wd-masonry wd-grid-f-col\" id=\"69e9db1a9119c\" data-paged=\"1\" data-atts=\"{&quot;carousel_id&quot;:&quot;5000&quot;,&quot;speed&quot;:&quot;5000&quot;,&quot;slides_per_view&quot;:&quot;3&quot;,&quot;slides_per_view_tablet&quot;:&quot;auto&quot;,&quot;slides_per_view_mobile&quot;:&quot;auto&quot;,&quot;wrap&quot;:&quot;&quot;,&quot;loop&quot;:false,&quot;autoplay&quot;:&quot;no&quot;,&quot;autoheight&quot;:&quot;no&quot;,&quot;hide_pagination_control&quot;:&quot;&quot;,&quot;hide_pagination_control_tablet&quot;:&quot;yes&quot;,&quot;hide_pagination_control_mobile&quot;:&quot;yes&quot;,&quot;dynamic_pagination_control&quot;:&quot;&quot;,&quot;hide_prev_next_buttons&quot;:&quot;&quot;,&quot;carousel_arrows_position&quot;:&quot;&quot;,&quot;hide_scrollbar&quot;:&quot;yes&quot;,&quot;hide_scrollbar_tablet&quot;:&quot;yes&quot;,&quot;hide_scrollbar_mobile&quot;:&quot;yes&quot;,&quot;scroll_per_page&quot;:&quot;yes&quot;,&quot;dragEndSpeed&quot;:200,&quot;center_mode&quot;:&quot;no&quot;,&quot;custom_sizes&quot;:&quot;&quot;,&quot;sliding_speed&quot;:false,&quot;animation&quot;:false,&quot;content_animation&quot;:false,&quot;post_type&quot;:&quot;post&quot;,&quot;slider&quot;:&quot;&quot;,&quot;library&quot;:&quot;&quot;,&quot;css&quot;:&quot;&quot;,&quot;effect&quot;:&quot;&quot;,&quot;spacing&quot;:&quot;&quot;,&quot;spacing_tablet&quot;:&quot;&quot;,&quot;spacing_mobile&quot;:&quot;&quot;,&quot;carousel_sync&quot;:&quot;&quot;,&quot;sync_parent_id&quot;:&quot;&quot;,&quot;sync_child_id&quot;:&quot;&quot;,&quot;scroll_carousel_init&quot;:&quot;no&quot;,&quot;disable_overflow_carousel&quot;:&quot;&quot;,&quot;include&quot;:&quot;&quot;,&quot;custom_query&quot;:&quot;&quot;,&quot;taxonomies&quot;:&quot;243&quot;,&quot;pagination&quot;:&quot;pagination&quot;,&quot;parts_media&quot;:true,&quot;parts_title&quot;:&quot;1&quot;,&quot;parts_meta&quot;:&quot;0&quot;,&quot;parts_text&quot;:&quot;1&quot;,&quot;parts_btn&quot;:&quot;0&quot;,&quot;items_per_page&quot;:&quot;9&quot;,&quot;offset&quot;:&quot;&quot;,&quot;orderby&quot;:&quot;date&quot;,&quot;order&quot;:&quot;DESC&quot;,&quot;meta_key&quot;:&quot;&quot;,&quot;exclude&quot;:&quot;&quot;,&quot;class&quot;:&quot;&quot;,&quot;ajax_page&quot;:&quot;&quot;,&quot;img_size&quot;:&quot;345x290&quot;,&quot;blog_design&quot;:&quot;masonry&quot;,&quot;blog_carousel_design&quot;:&quot;masonry&quot;,&quot;blog_columns&quot;:&quot;3&quot;,&quot;blog_columns_tablet&quot;:&quot;auto&quot;,&quot;blog_columns_mobile&quot;:&quot;auto&quot;,&quot;blog_spacing&quot;:&quot;20&quot;,&quot;blog_spacing_tablet&quot;:&quot;&quot;,&quot;blog_spacing_mobile&quot;:&quot;&quot;,&quot;lazy_loading&quot;:&quot;no&quot;,&quot;search&quot;:&quot;&quot;,&quot;woodmart_css_id&quot;:&quot;&quot;}\" data-source=\"shortcode\" style=\"--wd-col-lg:3;--wd-col-md:3;--wd-col-sm:1;--wd-gap-lg:20px;--wd-gap-sm:10px;\">\n<article id=\"post-4912\" class=\"wd-post blog-design-masonry blog-post-loop blog-style-flat wd-col post-4912 post type-post status-publish format-standard has-post-thumbnail hentry category-proyectos-y-aplicaciones category-calidad-en-la-industria\">\n\t<div class=\"article-inner\">\n\t\t\t\t\t<header class=\"entry-header\">\n\t\t\t\t\t\t\t\t\t<figure id=\"carousel-493\" class=\"entry-thumbnail\">\n\t\t\t\t\t\t\n\t\t\t\t\t\t\t<div class=\"post-img-wrapp\">\n\t\t\t\t\t\t\t\t<a href=\"https:\/\/heu.mx\/en\/que-tipo-de-bisagras-existen\/\">\n\t\t\t\t\t\t\t\t\t<img loading=\"lazy\" decoding=\"async\" width=\"345\" height=\"290\" src=\"https:\/\/heu.mx\/en\/wp-content\/uploads\/2021\/09\/\u00bfQue-tipo-de-bisagras-existen-345x290.webp\" class=\"attachment-345x290 size-345x290\" alt=\"\" \/>\t\t\t\t\t\t\t\t<\/a>\n\t\t\t\t\t\t\t<\/div>\n\t\t\t\t\t\t\t<div class=\"post-image-mask\">\n\t\t\t\t\t\t\t\t<span><\/span>\n\t\t\t\t\t\t\t<\/div>\n\n\t\t\t\t\t\t\n\t\t\t\t\t<\/figure>\n\t\t\t\t\n\t\t\t\t\t\t\t\t\t\t\t\t<div class=\"post-date wd-post-date wd-style-with-bg\">\n\t\t\t\t<span class=\"post-date-day\">\n\t\t\t\t\t28\t\t\t\t<\/span>\n\t\t\t\t<span class=\"post-date-month\">\n\t\t\t\t\tSep\t\t\t\t<\/span>\n\t\t\t<\/div>\n\t\t\t\t\t\t\n\t\t\t<\/header><!-- .entry-header -->\n\n\t\t<div class=\"article-body-container\">\n\t\t\t\n\t\t\t\t\n\t\t\t\t\t\t\t\t\t<h3 class=\"wd-entities-title title post-title\">\n\t\t\t\t\t\t<a href=\"https:\/\/heu.mx\/en\/que-tipo-de-bisagras-existen\/\" rel=\"bookmark\">\u00bfQu\u00e9 tipo de bisagras existen?<\/a>\n\t\t\t\t\t<\/h3>\n\t\t\t\t\n\t\t\t\t\t\t\t\n\t\t\t\t\t\t\t\n\t\t\t\t                    <div class=\"entry-content wd-entry-content\">\n\t\t\t\t\t\t<p>Conoce los tipos de bisagras que hay en el mercado y para qu\u00e9 se utilizan.<\/p>\n\n\t\t\t\t\t\t\t\t\t\t\t<\/div><!-- .entry-content -->\n\t\t\t\t\n\t\t\t\t\t\t\t\n\t\t\t\n\t\t\t\t\t<\/div>\n\t<\/div>\n<\/article><!-- #post -->\n\n\n\n<article id=\"post-4909\" class=\"wd-post blog-design-masonry blog-post-loop blog-style-flat wd-col post-4909 post type-post status-publish format-standard has-post-thumbnail hentry category-proyectos-y-aplicaciones\">\n\t<div class=\"article-inner\">\n\t\t\t\t\t<header class=\"entry-header\">\n\t\t\t\t\t\t\t\t\t<figure id=\"carousel-543\" class=\"entry-thumbnail\">\n\t\t\t\t\t\t\n\t\t\t\t\t\t\t<div class=\"post-img-wrapp\">\n\t\t\t\t\t\t\t\t<a href=\"https:\/\/heu.mx\/en\/limpia-esa-mancha-de-pintura-en-tu-ventana-de-aluminio\/\">\n\t\t\t\t\t\t\t\t\t<img loading=\"lazy\" decoding=\"async\" width=\"345\" height=\"290\" src=\"https:\/\/heu.mx\/en\/wp-content\/uploads\/2021\/09\/Limpia-esa-mancha-de-pintura-en-tu-ventana-de-aluminio-345x290.webp\" class=\"attachment-345x290 size-345x290\" alt=\"\" \/>\t\t\t\t\t\t\t\t<\/a>\n\t\t\t\t\t\t\t<\/div>\n\t\t\t\t\t\t\t<div class=\"post-image-mask\">\n\t\t\t\t\t\t\t\t<span><\/span>\n\t\t\t\t\t\t\t<\/div>\n\n\t\t\t\t\t\t\n\t\t\t\t\t<\/figure>\n\t\t\t\t\n\t\t\t\t\t\t\t\t\t\t\t\t<div class=\"post-date wd-post-date wd-style-with-bg\">\n\t\t\t\t<span class=\"post-date-day\">\n\t\t\t\t\t08\t\t\t\t<\/span>\n\t\t\t\t<span class=\"post-date-month\">\n\t\t\t\t\tSep\t\t\t\t<\/span>\n\t\t\t<\/div>\n\t\t\t\t\t\t\n\t\t\t<\/header><!-- .entry-header -->\n\n\t\t<div class=\"article-body-container\">\n\t\t\t\n\t\t\t\t\n\t\t\t\t\t\t\t\t\t<h3 class=\"wd-entities-title title post-title\">\n\t\t\t\t\t\t<a href=\"https:\/\/heu.mx\/en\/limpia-esa-mancha-de-pintura-en-tu-ventana-de-aluminio\/\" rel=\"bookmark\">Limpia esa mancha de pintura en tu ventana de aluminio.<\/a>\n\t\t\t\t\t<\/h3>\n\t\t\t\t\n\t\t\t\t\t\t\t\n\t\t\t\t\t\t\t\n\t\t\t\t                    <div class=\"entry-content wd-entry-content\">\n\t\t\t\t\t\t\nSigue estos tips para limpiar una mancha de pintura sin da\u00f1ar el material de tu ventana de aluminio.\n\n\t\t\t\t\t\t\t\t\t\t\t<\/div><!-- .entry-content -->\n\t\t\t\t\n\t\t\t\t\t\t\t\n\t\t\t\n\t\t\t\t\t<\/div>\n\t<\/div>\n<\/article><!-- #post -->\n\n\n\n<article id=\"post-4888\" class=\"wd-post blog-design-masonry blog-post-loop blog-style-flat wd-col post-4888 post type-post status-publish format-standard has-post-thumbnail hentry category-proyectos-y-aplicaciones\">\n\t<div class=\"article-inner\">\n\t\t\t\t\t<header class=\"entry-header\">\n\t\t\t\t\t\t\t\t\t<figure id=\"carousel-678\" class=\"entry-thumbnail\">\n\t\t\t\t\t\t\n\t\t\t\t\t\t\t<div class=\"post-img-wrapp\">\n\t\t\t\t\t\t\t\t<a href=\"https:\/\/heu.mx\/en\/mas-proteccion-para-tu-terraza-con-el-aluminio\/\">\n\t\t\t\t\t\t\t\t\t<img loading=\"lazy\" decoding=\"async\" width=\"345\" height=\"290\" src=\"https:\/\/heu.mx\/en\/wp-content\/uploads\/2021\/08\/Mas-proteccion-para-tu-terraza-con-el-aluminio-345x290.webp\" class=\"attachment-345x290 size-345x290\" alt=\"\" \/>\t\t\t\t\t\t\t\t<\/a>\n\t\t\t\t\t\t\t<\/div>\n\t\t\t\t\t\t\t<div class=\"post-image-mask\">\n\t\t\t\t\t\t\t\t<span><\/span>\n\t\t\t\t\t\t\t<\/div>\n\n\t\t\t\t\t\t\n\t\t\t\t\t<\/figure>\n\t\t\t\t\n\t\t\t\t\t\t\t\t\t\t\t\t<div class=\"post-date wd-post-date wd-style-with-bg\">\n\t\t\t\t<span class=\"post-date-day\">\n\t\t\t\t\t25\t\t\t\t<\/span>\n\t\t\t\t<span class=\"post-date-month\">\n\t\t\t\t\tAug\t\t\t\t<\/span>\n\t\t\t<\/div>\n\t\t\t\t\t\t\n\t\t\t<\/header><!-- .entry-header -->\n\n\t\t<div class=\"article-body-container\">\n\t\t\t\n\t\t\t\t\n\t\t\t\t\t\t\t\t\t<h3 class=\"wd-entities-title title post-title\">\n\t\t\t\t\t\t<a href=\"https:\/\/heu.mx\/en\/mas-proteccion-para-tu-terraza-con-el-aluminio\/\" rel=\"bookmark\">M\u00e1s protecci\u00f3n para tu terraza con el aluminio<\/a>\n\t\t\t\t\t<\/h3>\n\t\t\t\t\n\t\t\t\t\t\t\t\n\t\t\t\t\t\t\t\n\t\t\t\t                    <div class=\"entry-content wd-entry-content\">\n\t\t\t\t\t\t\nEl aluminio es el material perfecto para el cerramiento de espacios exteriores como la terraza\n...\n\t\t\t\t\t\t\t\t\t\t\t<\/div><!-- .entry-content -->\n\t\t\t\t\n\t\t\t\t\t\t\t\n\t\t\t\n\t\t\t\t\t<\/div>\n\t<\/div>\n<\/article><!-- #post -->\n\n\n\n<article id=\"post-4885\" class=\"wd-post blog-design-masonry blog-post-loop blog-style-flat wd-col post-4885 post type-post status-publish format-standard has-post-thumbnail hentry category-proyectos-y-aplicaciones\">\n\t<div class=\"article-inner\">\n\t\t\t\t\t<header class=\"entry-header\">\n\t\t\t\t\t\t\t\t\t<figure id=\"carousel-624\" class=\"entry-thumbnail\">\n\t\t\t\t\t\t\n\t\t\t\t\t\t\t<div class=\"post-img-wrapp\">\n\t\t\t\t\t\t\t\t<a href=\"https:\/\/heu.mx\/en\/puertas-pvc-para-tu-hogar\/\">\n\t\t\t\t\t\t\t\t\t<img loading=\"lazy\" decoding=\"async\" width=\"345\" height=\"290\" src=\"https:\/\/heu.mx\/en\/wp-content\/uploads\/2021\/08\/Puertas-PVC-para-tu-hogar-345x290.webp\" class=\"attachment-345x290 size-345x290\" alt=\"\" \/>\t\t\t\t\t\t\t\t<\/a>\n\t\t\t\t\t\t\t<\/div>\n\t\t\t\t\t\t\t<div class=\"post-image-mask\">\n\t\t\t\t\t\t\t\t<span><\/span>\n\t\t\t\t\t\t\t<\/div>\n\n\t\t\t\t\t\t\n\t\t\t\t\t<\/figure>\n\t\t\t\t\n\t\t\t\t\t\t\t\t\t\t\t\t<div class=\"post-date wd-post-date wd-style-with-bg\">\n\t\t\t\t<span class=\"post-date-day\">\n\t\t\t\t\t15\t\t\t\t<\/span>\n\t\t\t\t<span class=\"post-date-month\">\n\t\t\t\t\tAug\t\t\t\t<\/span>\n\t\t\t<\/div>\n\t\t\t\t\t\t\n\t\t\t<\/header><!-- .entry-header -->\n\n\t\t<div class=\"article-body-container\">\n\t\t\t\n\t\t\t\t\n\t\t\t\t\t\t\t\t\t<h3 class=\"wd-entities-title title post-title\">\n\t\t\t\t\t\t<a href=\"https:\/\/heu.mx\/en\/puertas-pvc-para-tu-hogar\/\" rel=\"bookmark\">Puertas PVC para tu hogar.<\/a>\n\t\t\t\t\t<\/h3>\n\t\t\t\t\n\t\t\t\t\t\t\t\n\t\t\t\t\t\t\t\n\t\t\t\t                    <div class=\"entry-content wd-entry-content\">\n\t\t\t\t\t\t<p>Descubre todas las ventajas de elegir una puerta PVC<\/p>\n\n\t\t\t\t\t\t\t\t\t\t\t<\/div><!-- .entry-content -->\n\t\t\t\t\n\t\t\t\t\t\t\t\n\t\t\t\n\t\t\t\t\t<\/div>\n\t<\/div>\n<\/article><!-- #post -->\n\n\n\n<article id=\"post-4882\" class=\"wd-post blog-design-masonry blog-post-loop blog-style-flat wd-col post-4882 post type-post status-publish format-standard has-post-thumbnail hentry category-calidad-en-la-industria\">\n\t<div class=\"article-inner\">\n\t\t\t\t\t<header class=\"entry-header\">\n\t\t\t\t\t\t\t\t\t<figure id=\"carousel-269\" class=\"entry-thumbnail\">\n\t\t\t\t\t\t\n\t\t\t\t\t\t\t<div class=\"post-img-wrapp\">\n\t\t\t\t\t\t\t\t<a href=\"https:\/\/heu.mx\/en\/temporada-de-lluvias-sella-tus-ventanas-y-no-dejes-que-el-agua-entre-a-tu-casa\/\">\n\t\t\t\t\t\t\t\t\t<img loading=\"lazy\" decoding=\"async\" width=\"345\" height=\"290\" src=\"https:\/\/heu.mx\/en\/wp-content\/uploads\/2021\/07\/\u00a1Temporada-de-lluvias-Sella-tus-ventanas-y-no-dejes-que-el-agua-entre-a-tu-casa-345x290.webp\" class=\"attachment-345x290 size-345x290\" alt=\"\u00a1Temporada de lluvias! Sella tus ventanas y no dejes que el agua entre a tu casa!\" \/>\t\t\t\t\t\t\t\t<\/a>\n\t\t\t\t\t\t\t<\/div>\n\t\t\t\t\t\t\t<div class=\"post-image-mask\">\n\t\t\t\t\t\t\t\t<span><\/span>\n\t\t\t\t\t\t\t<\/div>\n\n\t\t\t\t\t\t\n\t\t\t\t\t<\/figure>\n\t\t\t\t\n\t\t\t\t\t\t\t\t\t\t\t\t<div class=\"post-date wd-post-date wd-style-with-bg\">\n\t\t\t\t<span class=\"post-date-day\">\n\t\t\t\t\t25\t\t\t\t<\/span>\n\t\t\t\t<span class=\"post-date-month\">\n\t\t\t\t\tJul\t\t\t\t<\/span>\n\t\t\t<\/div>\n\t\t\t\t\t\t\n\t\t\t<\/header><!-- .entry-header -->\n\n\t\t<div class=\"article-body-container\">\n\t\t\t\n\t\t\t\t\n\t\t\t\t\t\t\t\t\t<h3 class=\"wd-entities-title title post-title\">\n\t\t\t\t\t\t<a href=\"https:\/\/heu.mx\/en\/temporada-de-lluvias-sella-tus-ventanas-y-no-dejes-que-el-agua-entre-a-tu-casa\/\" rel=\"bookmark\">\u00a1Temporada de lluvias! Sella tus ventanas y no dejes que el agua entre a tu casa<\/a>\n\t\t\t\t\t<\/h3>\n\t\t\t\t\n\t\t\t\t\t\t\t\n\t\t\t\t\t\t\t\n\t\t\t\t                    <div class=\"entry-content wd-entry-content\">\n\t\t\t\t\t\t\nPara hacerle frente al temporal de lluvias, es preciso contar con ventanas con un elevado nivel de estanqueidad a...\n\t\t\t\t\t\t\t\t\t\t\t<\/div><!-- .entry-content -->\n\t\t\t\t\n\t\t\t\t\t\t\t\n\t\t\t\n\t\t\t\t\t<\/div>\n\t<\/div>\n<\/article><!-- #post -->\n\n\n\n<article id=\"post-4879\" class=\"wd-post blog-design-masonry blog-post-loop blog-style-flat wd-col post-4879 post type-post status-publish format-standard has-post-thumbnail hentry category-proyectos-y-aplicaciones\">\n\t<div class=\"article-inner\">\n\t\t\t\t\t<header class=\"entry-header\">\n\t\t\t\t\t\t\t\t\t<figure id=\"carousel-425\" class=\"entry-thumbnail\">\n\t\t\t\t\t\t\n\t\t\t\t\t\t\t<div class=\"post-img-wrapp\">\n\t\t\t\t\t\t\t\t<a href=\"https:\/\/heu.mx\/en\/evita-la-oxidacion-en-los-herrajes-de-tus-ventanas\/\">\n\t\t\t\t\t\t\t\t\t<img loading=\"lazy\" decoding=\"async\" width=\"345\" height=\"290\" src=\"https:\/\/heu.mx\/en\/wp-content\/uploads\/2021\/07\/evita-la-oxidacion-en-los-herrajes-de-tus-ventanas-345x290.webp\" class=\"attachment-345x290 size-345x290\" alt=\"Evita la oxidacio\u0301n en los herrajes de tus ventanas\" \/>\t\t\t\t\t\t\t\t<\/a>\n\t\t\t\t\t\t\t<\/div>\n\t\t\t\t\t\t\t<div class=\"post-image-mask\">\n\t\t\t\t\t\t\t\t<span><\/span>\n\t\t\t\t\t\t\t<\/div>\n\n\t\t\t\t\t\t\n\t\t\t\t\t<\/figure>\n\t\t\t\t\n\t\t\t\t\t\t\t\t\t\t\t\t<div class=\"post-date wd-post-date wd-style-with-bg\">\n\t\t\t\t<span class=\"post-date-day\">\n\t\t\t\t\t15\t\t\t\t<\/span>\n\t\t\t\t<span class=\"post-date-month\">\n\t\t\t\t\tJul\t\t\t\t<\/span>\n\t\t\t<\/div>\n\t\t\t\t\t\t\n\t\t\t<\/header><!-- .entry-header -->\n\n\t\t<div class=\"article-body-container\">\n\t\t\t\n\t\t\t\t\n\t\t\t\t\t\t\t\t\t<h3 class=\"wd-entities-title title post-title\">\n\t\t\t\t\t\t<a href=\"https:\/\/heu.mx\/en\/evita-la-oxidacion-en-los-herrajes-de-tus-ventanas\/\" rel=\"bookmark\">Evita la oxidaci\u00f3n en los herrajes de tus ventanas<\/a>\n\t\t\t\t\t<\/h3>\n\t\t\t\t\n\t\t\t\t\t\t\t\n\t\t\t\t\t\t\t\n\t\t\t\t                    <div class=\"entry-content wd-entry-content\">\n\t\t\t\t\t\t\nLa corrosi\u00f3n y oxidaci\u00f3n en las ventas, son uno de los problemas m\u00e1s comunes debido a las condiciones clim\u00e1ticas,...\n\t\t\t\t\t\t\t\t\t\t\t<\/div><!-- .entry-content -->\n\t\t\t\t\n\t\t\t\t\t\t\t\n\t\t\t\n\t\t\t\t\t<\/div>\n\t<\/div>\n<\/article><!-- #post -->\n\n\n\n<article id=\"post-4876\" class=\"wd-post blog-design-masonry blog-post-loop blog-style-flat wd-col post-4876 post type-post status-publish format-standard has-post-thumbnail hentry category-proyectos-y-aplicaciones\">\n\t<div class=\"article-inner\">\n\t\t\t\t\t<header class=\"entry-header\">\n\t\t\t\t\t\t\t\t\t<figure id=\"carousel-541\" class=\"entry-thumbnail\">\n\t\t\t\t\t\t\n\t\t\t\t\t\t\t<div class=\"post-img-wrapp\">\n\t\t\t\t\t\t\t\t<a href=\"https:\/\/heu.mx\/en\/carpinteria-pvc-o-madera\/\">\n\t\t\t\t\t\t\t\t\t<img loading=\"lazy\" decoding=\"async\" width=\"345\" height=\"290\" src=\"https:\/\/heu.mx\/en\/wp-content\/uploads\/2021\/06\/\u00bfcarpinteria-pvc-o-madera-345x290.webp\" class=\"attachment-345x290 size-345x290\" alt=\"\u00bfCarpinteri\u0301a PVC o madera?\" \/>\t\t\t\t\t\t\t\t<\/a>\n\t\t\t\t\t\t\t<\/div>\n\t\t\t\t\t\t\t<div class=\"post-image-mask\">\n\t\t\t\t\t\t\t\t<span><\/span>\n\t\t\t\t\t\t\t<\/div>\n\n\t\t\t\t\t\t\n\t\t\t\t\t<\/figure>\n\t\t\t\t\n\t\t\t\t\t\t\t\t\t\t\t\t<div class=\"post-date wd-post-date wd-style-with-bg\">\n\t\t\t\t<span class=\"post-date-day\">\n\t\t\t\t\t25\t\t\t\t<\/span>\n\t\t\t\t<span class=\"post-date-month\">\n\t\t\t\t\tJun\t\t\t\t<\/span>\n\t\t\t<\/div>\n\t\t\t\t\t\t\n\t\t\t<\/header><!-- .entry-header -->\n\n\t\t<div class=\"article-body-container\">\n\t\t\t\n\t\t\t\t\n\t\t\t\t\t\t\t\t\t<h3 class=\"wd-entities-title title post-title\">\n\t\t\t\t\t\t<a href=\"https:\/\/heu.mx\/en\/carpinteria-pvc-o-madera\/\" rel=\"bookmark\">\u00bfCarpinter\u00eda PVC o madera?<\/a>\n\t\t\t\t\t<\/h3>\n\t\t\t\t\n\t\t\t\t\t\t\t\n\t\t\t\t\t\t\t\n\t\t\t\t                    <div class=\"entry-content wd-entry-content\">\n\t\t\t\t\t\t\nLas ventanas y las puertas son los elementos clave en cualquier vivienda, por ello, es importante elegir aquellos...\n\t\t\t\t\t\t\t\t\t\t\t<\/div><!-- .entry-content -->\n\t\t\t\t\n\t\t\t\t\t\t\t\n\t\t\t\n\t\t\t\t\t<\/div>\n\t<\/div>\n<\/article><!-- #post -->\n\n\n\n<article id=\"post-4873\" class=\"wd-post blog-design-masonry blog-post-loop blog-style-flat wd-col post-4873 post type-post status-publish format-standard has-post-thumbnail hentry category-calidad-en-la-industria\">\n\t<div class=\"article-inner\">\n\t\t\t\t\t<header class=\"entry-header\">\n\t\t\t\t\t\t\t\t\t<figure id=\"carousel-118\" class=\"entry-thumbnail\">\n\t\t\t\t\t\t\n\t\t\t\t\t\t\t<div class=\"post-img-wrapp\">\n\t\t\t\t\t\t\t\t<a href=\"https:\/\/heu.mx\/en\/consejos-para-proteger-tu-casa-de-robos\/\">\n\t\t\t\t\t\t\t\t\t<img loading=\"lazy\" decoding=\"async\" width=\"345\" height=\"290\" src=\"https:\/\/heu.mx\/en\/wp-content\/uploads\/2021\/09\/Jun-Consejos-para-proteger-tu-casa-de-robos-Blog-HE-1-345x290.png\" class=\"attachment-345x290 size-345x290\" alt=\"\" \/>\t\t\t\t\t\t\t\t<\/a>\n\t\t\t\t\t\t\t<\/div>\n\t\t\t\t\t\t\t<div class=\"post-image-mask\">\n\t\t\t\t\t\t\t\t<span><\/span>\n\t\t\t\t\t\t\t<\/div>\n\n\t\t\t\t\t\t\n\t\t\t\t\t<\/figure>\n\t\t\t\t\n\t\t\t\t\t\t\t\t\t\t\t\t<div class=\"post-date wd-post-date wd-style-with-bg\">\n\t\t\t\t<span class=\"post-date-day\">\n\t\t\t\t\t15\t\t\t\t<\/span>\n\t\t\t\t<span class=\"post-date-month\">\n\t\t\t\t\tJun\t\t\t\t<\/span>\n\t\t\t<\/div>\n\t\t\t\t\t\t\n\t\t\t<\/header><!-- .entry-header -->\n\n\t\t<div class=\"article-body-container\">\n\t\t\t\n\t\t\t\t\n\t\t\t\t\t\t\t\t\t<h3 class=\"wd-entities-title title post-title\">\n\t\t\t\t\t\t<a href=\"https:\/\/heu.mx\/en\/consejos-para-proteger-tu-casa-de-robos\/\" rel=\"bookmark\">Consejos para proteger tu casa de robos<\/a>\n\t\t\t\t\t<\/h3>\n\t\t\t\t\n\t\t\t\t\t\t\t\n\t\t\t\t\t\t\t\n\t\t\t\t                    <div class=\"entry-content wd-entry-content\">\n\t\t\t\t\t\t\nSiempre es importante tomar medidas de seguridad en nuestros hogares, oficinas y otros lugares de trabajo para ev...\n\t\t\t\t\t\t\t\t\t\t\t<\/div><!-- .entry-content -->\n\t\t\t\t\n\t\t\t\t\t\t\t\n\t\t\t\n\t\t\t\t\t<\/div>\n\t<\/div>\n<\/article><!-- #post -->\n\n\n\n<article id=\"post-4870\" class=\"wd-post blog-design-masonry blog-post-loop blog-style-flat wd-col post-4870 post type-post status-publish format-standard has-post-thumbnail hentry category-calidad-en-la-industria\">\n\t<div class=\"article-inner\">\n\t\t\t\t\t<header class=\"entry-header\">\n\t\t\t\t\t\t\t\t\t<figure id=\"carousel-724\" class=\"entry-thumbnail\">\n\t\t\t\t\t\t\n\t\t\t\t\t\t\t<div class=\"post-img-wrapp\">\n\t\t\t\t\t\t\t\t<a href=\"https:\/\/heu.mx\/en\/la-eficiencia-energetica-del-aluminio\/\">\n\t\t\t\t\t\t\t\t\t<img loading=\"lazy\" decoding=\"async\" width=\"345\" height=\"290\" src=\"https:\/\/heu.mx\/en\/wp-content\/uploads\/2021\/05\/la-eficiencia-energetica-del-aluminio-345x290.webp\" class=\"attachment-345x290 size-345x290\" alt=\"La eficiencia energe\u0301tica del aluminio\" \/>\t\t\t\t\t\t\t\t<\/a>\n\t\t\t\t\t\t\t<\/div>\n\t\t\t\t\t\t\t<div class=\"post-image-mask\">\n\t\t\t\t\t\t\t\t<span><\/span>\n\t\t\t\t\t\t\t<\/div>\n\n\t\t\t\t\t\t\n\t\t\t\t\t<\/figure>\n\t\t\t\t\n\t\t\t\t\t\t\t\t\t\t\t\t<div class=\"post-date wd-post-date wd-style-with-bg\">\n\t\t\t\t<span class=\"post-date-day\">\n\t\t\t\t\t25\t\t\t\t<\/span>\n\t\t\t\t<span class=\"post-date-month\">\n\t\t\t\t\tMay\t\t\t\t<\/span>\n\t\t\t<\/div>\n\t\t\t\t\t\t\n\t\t\t<\/header><!-- .entry-header -->\n\n\t\t<div class=\"article-body-container\">\n\t\t\t\n\t\t\t\t\n\t\t\t\t\t\t\t\t\t<h3 class=\"wd-entities-title title post-title\">\n\t\t\t\t\t\t<a href=\"https:\/\/heu.mx\/en\/la-eficiencia-energetica-del-aluminio\/\" rel=\"bookmark\">La eficiencia energ\u00e9tica del aluminio.<\/a>\n\t\t\t\t\t<\/h3>\n\t\t\t\t\n\t\t\t\t\t\t\t\n\t\t\t\t\t\t\t\n\t\t\t\t                    <div class=\"entry-content wd-entry-content\">\n\t\t\t\t\t\t\n\u00bfSab\u00edas que el aluminio puede ayudar a ahorrar hasta un 25% de energ\u00eda en el hogar?&nbsp;\n\n\n\n\t\t\t\t\t\t\t\t\t\t\t<\/div><!-- .entry-content -->\n\t\t\t\t\n\t\t\t\t\t\t\t\n\t\t\t\n\t\t\t\t\t<\/div>\n\t<\/div>\n<\/article><!-- #post -->\n\n\n<\/div>\t\t\t    \t<div class=\"wd-loop-footer blog-footer\">\n\t\t\t    \t\t\t\t\t    \t\t\t<nav class=\"wd-pagination\"><ul><li><span class=\"current page-numbers\">1<\/span><\/li><li><a href=\"https:\/\/heu.mx\/en\/wp-json\/wp\/v2\/pages\/3457\/page\/2\/\" class=\"page-numbers\" >2<\/a><\/li><li><a href=\"https:\/\/heu.mx\/en\/wp-json\/wp\/v2\/pages\/3457\/page\/3\/\" class=\"page-numbers\" >3<\/a><\/li><\/ul><\/nav>\t\t\t    \t\t\t\t\t    \t<\/div>\n\t\t\t    <\/div>[\/vc_column][\/vc_row]<\/p>\n<\/div>","protected":false},"excerpt":{"rendered":"<p>[vc_row][vc_column width=&#8221;1\/2&#8243;][vc_wp_categories title=&#8221;Filter by category&#8221; options=&#8221;dropdown&#8221;][\/vc_column][vc_column width=&#8221;1\/2&#8243;][vc_wp_search][\/vc_column][\/vc_row][vc_row][vc_column][\/vc_column][\/vc_row]<\/p>\n","protected":false},"author":1,"featured_media":0,"parent":0,"menu_order":0,"comment_status":"closed","ping_status":"closed","template":"","meta":{"footnotes":""},"class_list":["post-3457","page","type-page","status-publish","hentry"],"_links":{"self":[{"href":"https:\/\/heu.mx\/en\/wp-json\/wp\/v2\/pages\/3457","targetHints":{"allow":["GET"]}}],"collection":[{"href":"https:\/\/heu.mx\/en\/wp-json\/wp\/v2\/pages"}],"about":[{"href":"https:\/\/heu.mx\/en\/wp-json\/wp\/v2\/types\/page"}],"author":[{"embeddable":true,"href":"https:\/\/heu.mx\/en\/wp-json\/wp\/v2\/users\/1"}],"replies":[{"embeddable":true,"href":"https:\/\/heu.mx\/en\/wp-json\/wp\/v2\/comments?post=3457"}],"version-history":[{"count":0,"href":"https:\/\/heu.mx\/en\/wp-json\/wp\/v2\/pages\/3457\/revisions"}],"wp:attachment":[{"href":"https:\/\/heu.mx\/en\/wp-json\/wp\/v2\/media?parent=3457"}],"curies":[{"name":"wp","href":"https:\/\/api.w.org\/{rel}","templated":true}]}}